{"id":2,"date":"2024-04-02T18:42:11","date_gmt":"2024-04-02T18:42:11","guid":{"rendered":"http:\/\/www.bass-studios.dk\/?page_id=2"},"modified":"2024-04-03T08:09:19","modified_gmt":"2024-04-03T08:09:19","slug":"sample-page","status":"publish","type":"page","link":"https:\/\/www.bass-studios.dk\/index.php\/sample-page\/","title":{"rendered":"Om mig (Jan)"},"content":{"rendered":"\n<p>Hej med dig!<\/p>\n\n\n\n<p>Jeg bruger denne hjemmeside som et sted hvor jeg deler mine tanker og hvad der ellers sker.<\/p>\n\n\n\n<p>Det er n\u00e6sten som facebook jeg vil bare hellere have min egen platform.<\/p>\n\n\n\n<p>Jeg blev f\u00f8dt under navnet Jan Lausten Jessen men <br>efter jeg blev gift i 2018 hedder jeg nu Jan Lausten Berg Pedersen<\/p>\n\n\n\n<p>Jeg har ud over min kone ogs\u00e5 nogle dejlige b\u00f8rn. (har dog ogs\u00e5 fra tidligere forhold men desv\u00e6rre uden kontakt)<\/p>\n\n\n\n<p>Skal jeg kontaktes er det p\u00e5 wow@bass-studios.dk <br>(der kan g\u00e5 tid f\u00f8r jeg svarer hvis mailen ved et uheld lander i spam) <\/p>\n","protected":false},"excerpt":{"rendered":"<p>Hej med dig! Jeg bruger denne hjemmeside som et sted hvor jeg deler mine tanker og hvad der ellers sker. Det er n\u00e6sten som facebook jeg vil bare hellere have<\/p>\n<p><a href=\"https:\/\/www.bass-studios.dk\/index.php\/sample-page\/\" class=\"more-link\">Continue reading<span class=\"screen-reader-text\">Om mig (Jan)<\/span><\/a><\/p>\n","protected":false},"author":1,"featured_media":0,"parent":0,"menu_order":1,"comment_status":"closed","ping_status":"open","template":"","meta":{"footnotes":""},"class_list":["post-2","page","type-page","status-publish","hentry"],"_links":{"self":[{"href":"https:\/\/www.bass-studios.dk\/index.php\/wp-json\/wp\/v2\/pages\/2","targetHints":{"allow":["GET"]}}],"collection":[{"href":"https:\/\/www.bass-studios.dk\/index.php\/wp-json\/wp\/v2\/pages"}],"about":[{"href":"https:\/\/www.bass-studios.dk\/index.php\/wp-json\/wp\/v2\/types\/page"}],"author":[{"embeddable":true,"href":"https:\/\/www.bass-studios.dk\/index.php\/wp-json\/wp\/v2\/users\/1"}],"replies":[{"embeddable":true,"href":"https:\/\/www.bass-studios.dk\/index.php\/wp-json\/wp\/v2\/comments?post=2"}],"version-history":[{"count":1,"href":"https:\/\/www.bass-studios.dk\/index.php\/wp-json\/wp\/v2\/pages\/2\/revisions"}],"predecessor-version":[{"id":7,"href":"https:\/\/www.bass-studios.dk\/index.php\/wp-json\/wp\/v2\/pages\/2\/revisions\/7"}],"wp:attachment":[{"href":"https:\/\/www.bass-studios.dk\/index.php\/wp-json\/wp\/v2\/media?parent=2"}],"curies":[{"name":"wp","href":"https:\/\/api.w.org\/{rel}","templated":true}]}}