{"id":15,"date":"2024-04-03T08:04:49","date_gmt":"2024-04-03T08:04:49","guid":{"rendered":"https:\/\/www.bass-studios.dk\/?page_id=15"},"modified":"2024-04-03T08:09:41","modified_gmt":"2024-04-03T08:09:41","slug":"autisme-og-adhd","status":"publish","type":"page","link":"https:\/\/www.bass-studios.dk\/index.php\/autisme-og-adhd\/","title":{"rendered":"Autisme og ADHD"},"content":{"rendered":"\n<p>N\u00e5r man venter et barn sammen, dr\u00f8mmer man nok mest om et sundt rask barn med en god fremtid.<\/p>\n\n\n\n<p>S\u00e5dan g\u00e5r det ikke for alle, i julen 2016 fik vi en dreng, der s\u00e5 ud til at v\u00e6re som man h\u00e5ber sund, rask og uden problemer.<\/p>\n\n\n\n<p>Da han begyndte at kravle efter nogle m\u00e5neder, ville han gerne hen og sl\u00e5 hovedet i radiatoren, m\u00f8bler eller andet i den stil, s\u00e5 vi pakkede n\u00e6rmest hele huset ind i skum, puder og andet bl\u00f8dt.<br>Vi talte med l\u00e6gen og vuggestuen om den adf\u00e6rd tit, l\u00e6gen sagde at kun b\u00f8rnehaven kunne starte den type unders\u00f8gelser op gennem PPR.<\/p>\n\n\n\n<p>Kort f\u00f8r 3\u00e5rs alderen startede han s\u00e5 i b\u00f8rnehave (samme sted) og vi holdt n\u00e6rmest 2-3 FIC m\u00f8der (Familie i Centrum) om det hver m\u00e5ned. Vi fik dog aldrig referat og der var ikke en sagsbehandler med. (senere fandt vi ud af at det havde vi ret\/krav til) Her fik vi at vide vi var et problem for ham, han var dvask og ikke udfordret nok, de mente han spiste for lidt, men han fik altid s\u00e5 meget han kunne have. <br>Da vi skulle flytte til en ny kommune, kom der et nyt m\u00f8de om overdragelse til en ny b\u00f8rnehave, her var vores sagsbehandler med over teams for f\u00f8rste og eneste gang, og her t\u00e6t p\u00e5 slutningen n\u00e6vner vi s\u00e5 lidt om de mange FIC m\u00f8der til den nye b\u00f8rnehave leder og vores sagsbehandler sp\u00f8rger hvilke FIC m\u00f8der for det havde hun intet h\u00f8rt om. <br>Der f\u00f8lte vi at vi var blevet hakket p\u00e5 uden grund og saglig indhold, den nye b\u00f8rnehave startede straks en PPR sag op den f\u00f8rte til en 3\u00e5rs venteliste, og herefter startede vi p\u00e5 Hejmdal sygehus.<\/p>\n\n\n\n<p>Efter grundig udredning var de enig med PPR og mere til, han fik diagnosen Infantil Autist og ADHD i slem grad samt s\u00f8vnforstyrrelser grundet det. Vi fik at vide at alle de tiltag vi havde taget siden han blev f\u00f8dt havde v\u00e6ret godt for ham, vi fik ogs\u00e5 nye tip, redskaber og gode r\u00e5d til at g\u00f8re alt meget bedre.<\/p>\n\n\n\n<p>Selv om vi nu er her med diagnoser, fylder det meget i hverdagen, og vi er glade for vi holdt ved det vi havde sagt fra starten, vi havde en mistanke om det da begge diagnoser findes andre steder i vores familier.<\/p>\n","protected":false},"excerpt":{"rendered":"<p>N\u00e5r man venter et barn sammen, dr\u00f8mmer man nok mest om et sundt rask barn med en god fremtid. S\u00e5dan g\u00e5r det ikke for alle, i julen 2016 fik vi<\/p>\n<p><a href=\"https:\/\/www.bass-studios.dk\/index.php\/autisme-og-adhd\/\" class=\"more-link\">Continue reading<span class=\"screen-reader-text\">Autisme og ADHD<\/span><\/a><\/p>\n","protected":false},"author":1,"featured_media":0,"parent":0,"menu_order":2,"comment_status":"closed","ping_status":"closed","template":"","meta":{"footnotes":""},"class_list":["post-15","page","type-page","status-publish","hentry"],"_links":{"self":[{"href":"https:\/\/www.bass-studios.dk\/index.php\/wp-json\/wp\/v2\/pages\/15","targetHints":{"allow":["GET"]}}],"collection":[{"href":"https:\/\/www.bass-studios.dk\/index.php\/wp-json\/wp\/v2\/pages"}],"about":[{"href":"https:\/\/www.bass-studios.dk\/index.php\/wp-json\/wp\/v2\/types\/page"}],"author":[{"embeddable":true,"href":"https:\/\/www.bass-studios.dk\/index.php\/wp-json\/wp\/v2\/users\/1"}],"replies":[{"embeddable":true,"href":"https:\/\/www.bass-studios.dk\/index.php\/wp-json\/wp\/v2\/comments?post=15"}],"version-history":[{"count":1,"href":"https:\/\/www.bass-studios.dk\/index.php\/wp-json\/wp\/v2\/pages\/15\/revisions"}],"predecessor-version":[{"id":16,"href":"https:\/\/www.bass-studios.dk\/index.php\/wp-json\/wp\/v2\/pages\/15\/revisions\/16"}],"wp:attachment":[{"href":"https:\/\/www.bass-studios.dk\/index.php\/wp-json\/wp\/v2\/media?parent=15"}],"curies":[{"name":"wp","href":"https:\/\/api.w.org\/{rel}","templated":true}]}}